{"id":401,"date":"2023-11-28T13:28:46","date_gmt":"2023-11-28T13:28:46","guid":{"rendered":"https:\/\/livonija.lovehorses.lv\/?page_id=401"},"modified":"2023-12-05T14:12:43","modified_gmt":"2023-12-05T14:12:43","slug":"viriesi","status":"publish","type":"page","link":"https:\/\/livonia-rugby.lv\/en\/galerija\/viriesi\/","title":{"rendered":"V\u012brie\u0161i"},"content":{"rendered":"<div data-elementor-type=\"wp-page\" data-elementor-id=\"401\" class=\"elementor elementor-401\" data-elementor-settings=\"{&quot;ha_cmc_init_switcher&quot;:&quot;no&quot;}\" data-elementor-post-type=\"page\">\n\t\t\t\t<div class=\"elementor-element elementor-element-50fdfad e-flex e-con-boxed e-con e-parent\" data-id=\"50fdfad\" data-element_type=\"container\" data-settings=\"{&quot;background_background&quot;:&quot;classic&quot;,&quot;_ha_eqh_enable&quot;:false}\">\n\t\t\t\t\t<div class=\"e-con-inner\">\n\t\t\t\t<div class=\"elementor-element elementor-element-214f17a elementor-widget elementor-widget-heading\" data-id=\"214f17a\" data-element_type=\"widget\" data-widget_type=\"heading.default\">\n\t\t\t\t<div class=\"elementor-widget-container\">\n\t\t\t\t\t<h2 class=\"elementor-heading-title elementor-size-default\">TIME FOR RUGBY<\/h2>\t\t\t\t<\/div>\n\t\t\t\t<\/div>\n\t\t\t\t<div class=\"elementor-element elementor-element-0f2a14f elementor-widget elementor-widget-heading\" data-id=\"0f2a14f\" data-element_type=\"widget\" data-widget_type=\"heading.default\">\n\t\t\t\t<div class=\"elementor-widget-container\">\n\t\t\t\t\t<h2 class=\"elementor-heading-title elementor-size-default\">SIGN UP FOR RUGBY TRAINING<\/h2>\t\t\t\t<\/div>\n\t\t\t\t<\/div>\n\t\t\t\t<div class=\"elementor-element elementor-element-30b0083 elementor-widget elementor-widget-heading\" data-id=\"30b0083\" data-element_type=\"widget\" data-widget_type=\"heading.default\">\n\t\t\t\t<div class=\"elementor-widget-container\">\n\t\t\t\t\t<p class=\"elementor-heading-title elementor-size-default\">AND BECOME ONE OF US<\/p>\t\t\t\t<\/div>\n\t\t\t\t<\/div>\n\t\t\t\t<div class=\"elementor-element elementor-element-89f8df6 elementor-align-center elementor-widget elementor-widget-button\" data-id=\"89f8df6\" data-element_type=\"widget\" data-widget_type=\"button.default\">\n\t\t\t\t<div class=\"elementor-widget-container\">\n\t\t\t\t\t\t\t\t\t<div class=\"elementor-button-wrapper\">\n\t\t\t\t\t<a class=\"elementor-button elementor-button-link elementor-size-sm\" href=\"\/en\/pieteikums\/\">\n\t\t\t\t\t\t<span class=\"elementor-button-content-wrapper\">\n\t\t\t\t\t\t\t\t\t<span class=\"elementor-button-text\">Apply<\/span>\n\t\t\t\t\t<\/span>\n\t\t\t\t\t<\/a>\n\t\t\t\t<\/div>\n\t\t\t\t\t\t\t\t<\/div>\n\t\t\t\t<\/div>\n\t\t\t\t\t<\/div>\n\t\t\t\t<\/div>\n\t\t<div class=\"elementor-element elementor-element-8522b4b e-flex e-con-boxed e-con e-parent\" data-id=\"8522b4b\" data-element_type=\"container\" data-settings=\"{&quot;background_background&quot;:&quot;classic&quot;,&quot;_ha_eqh_enable&quot;:false}\">\n\t\t\t\t\t<div class=\"e-con-inner\">\n\t\t\t\t<div class=\"elementor-element elementor-element-9425368 elementor-widget elementor-widget-spacer\" data-id=\"9425368\" data-element_type=\"widget\" data-widget_type=\"spacer.default\">\n\t\t\t\t<div class=\"elementor-widget-container\">\n\t\t\t\t\t\t\t<div class=\"elementor-spacer\">\n\t\t\t<div class=\"elementor-spacer-inner\"><\/div>\n\t\t<\/div>\n\t\t\t\t\t\t<\/div>\n\t\t\t\t<\/div>\n\t\t\t\t<div class=\"elementor-element elementor-element-473224a elementor-widget elementor-widget-heading\" data-id=\"473224a\" data-element_type=\"widget\" data-widget_type=\"heading.default\">\n\t\t\t\t<div class=\"elementor-widget-container\">\n\t\t\t\t\t<h2 class=\"elementor-heading-title elementor-size-default\">V\u012brie\u0161i<\/h2>\t\t\t\t<\/div>\n\t\t\t\t<\/div>\n\t\t\t\t<div class=\"elementor-element elementor-element-3d6b36e elementor-widget elementor-widget-spacer\" data-id=\"3d6b36e\" data-element_type=\"widget\" data-widget_type=\"spacer.default\">\n\t\t\t\t<div class=\"elementor-widget-container\">\n\t\t\t\t\t\t\t<div class=\"elementor-spacer\">\n\t\t\t<div class=\"elementor-spacer-inner\"><\/div>\n\t\t<\/div>\n\t\t\t\t\t\t<\/div>\n\t\t\t\t<\/div>\n\t\t\t\t<div class=\"elementor-element elementor-element-647d8a2 elementor-align-center elementor-widget elementor-widget-button\" data-id=\"647d8a2\" data-element_type=\"widget\" data-widget_type=\"button.default\">\n\t\t\t\t<div class=\"elementor-widget-container\">\n\t\t\t\t\t\t\t\t\t<div class=\"elementor-button-wrapper\">\n\t\t\t\t\t<a class=\"elementor-button elementor-button-link elementor-size-sm\" href=\"https:\/\/www.facebook.com\/livoniarugby\/photos_albums\">\n\t\t\t\t\t\t<span class=\"elementor-button-content-wrapper\">\n\t\t\t\t\t\t<span class=\"elementor-button-icon\">\n\t\t\t\t<svg aria-hidden=\"true\" class=\"e-font-icon-svg e-fab-facebook\" viewbox=\"0 0 512 512\" xmlns=\"http:\/\/www.w3.org\/2000\/svg\"><path d=\"M504 256C504 119 393 8 256 8S8 119 8 256c0 123.78 90.69 226.38 209.25 245V327.69h-63V256h63v-54.64c0-62.15 37-96.48 93.67-96.48 27.14 0 55.52 4.84 55.52 4.84v61h-31.28c-30.8 0-40.41 19.12-40.41 38.73V256h68.78l-11 71.69h-57.78V501C413.31 482.38 504 379.78 504 256z\"><\/path><\/svg>\t\t\t<\/span>\n\t\t\t\t\t\t\t\t\t<span class=\"elementor-button-text\">Skat\u012bt galeriju facebook<\/span>\n\t\t\t\t\t<\/span>\n\t\t\t\t\t<\/a>\n\t\t\t\t<\/div>\n\t\t\t\t\t\t\t\t<\/div>\n\t\t\t\t<\/div>\n\t\t\t\t\t<\/div>\n\t\t\t\t<\/div>\n\t\t\t\t<\/div>","protected":false},"excerpt":{"rendered":"<p>LAIKS REGBIJAM PIESAKIES REGBIJA TRENI\u0145IEM UN K\u013b\u016aSTI PAR VIENU NO MUMS Pieteikties V\u012brie\u0161i Skat\u012bt galeriju facebook<\/p>","protected":false},"author":1,"featured_media":0,"parent":135,"menu_order":0,"comment_status":"closed","ping_status":"closed","template":"","meta":{"_acf_changed":false,"footnotes":""},"class_list":["post-401","page","type-page","status-publish","hentry"],"acf":{"photo_gallery":{"gallerija":[[{"id":76,"title":"Ovals-Livonia-3145-1024x682-1024x682","caption":"","full_image_url":"https:\/\/livonia-rugby.lv\/wp-content\/uploads\/2023\/11\/Ovals-Livonia-3145-1024x682-1024x682-1.jpg","thumbnail_image_url":"https:\/\/livonia-rugby.lv\/wp-content\/uploads\/2023\/11\/Ovals-Livonia-3145-1024x682-1024x682-1-150x150.jpg","large_srcset":"https:\/\/livonia-rugby.lv\/wp-content\/uploads\/2023\/11\/Ovals-Livonia-3145-1024x682-1024x682-1.jpg 1024w, https:\/\/livonia-rugby.lv\/wp-content\/uploads\/2023\/11\/Ovals-Livonia-3145-1024x682-1024x682-1-300x200.jpg 300w, https:\/\/livonia-rugby.lv\/wp-content\/uploads\/2023\/11\/Ovals-Livonia-3145-1024x682-1024x682-1-768x512.jpg 768w","medium_srcset":"https:\/\/livonia-rugby.lv\/wp-content\/uploads\/2023\/11\/Ovals-Livonia-3145-1024x682-1024x682-1-300x200.jpg 300w, https:\/\/livonia-rugby.lv\/wp-content\/uploads\/2023\/11\/Ovals-Livonia-3145-1024x682-1024x682-1-768x512.jpg 768w, https:\/\/livonia-rugby.lv\/wp-content\/uploads\/2023\/11\/Ovals-Livonia-3145-1024x682-1024x682-1.jpg 1024w","media_details":{"width":1024,"height":682,"sizes":{"medium":{"file":"Ovals-Livonia-3145-1024x682-1024x682-1-300x200.jpg","width":300,"height":200,"mime-type":"image\/jpeg","filesize":16695,"source_url":"https:\/\/livonia-rugby.lv\/wp-content\/uploads\/2023\/11\/Ovals-Livonia-3145-1024x682-1024x682-1-300x200.jpg"},"thumbnail":{"file":"Ovals-Livonia-3145-1024x682-1024x682-1-150x150.jpg","width":150,"height":150,"mime-type":"image\/jpeg","filesize":7470,"source_url":"https:\/\/livonia-rugby.lv\/wp-content\/uploads\/2023\/11\/Ovals-Livonia-3145-1024x682-1024x682-1-150x150.jpg"},"medium_large":{"file":"Ovals-Livonia-3145-1024x682-1024x682-1-768x512.jpg","width":768,"height":512,"mime-type":"image\/jpeg","filesize":74461,"source_url":"https:\/\/livonia-rugby.lv\/wp-content\/uploads\/2023\/11\/Ovals-Livonia-3145-1024x682-1024x682-1-768x512.jpg"}}},"alt_text":"","url":"","target":""},{"id":77,"title":"Ovals-Livonia-3738-1024x682-1024x682","caption":"","full_image_url":"https:\/\/livonia-rugby.lv\/wp-content\/uploads\/2023\/11\/Ovals-Livonia-3738-1024x682-1024x682-1.jpg","thumbnail_image_url":"https:\/\/livonia-rugby.lv\/wp-content\/uploads\/2023\/11\/Ovals-Livonia-3738-1024x682-1024x682-1-150x150.jpg","large_srcset":"https:\/\/livonia-rugby.lv\/wp-content\/uploads\/2023\/11\/Ovals-Livonia-3738-1024x682-1024x682-1.jpg 1024w, https:\/\/livonia-rugby.lv\/wp-content\/uploads\/2023\/11\/Ovals-Livonia-3738-1024x682-1024x682-1-300x200.jpg 300w, https:\/\/livonia-rugby.lv\/wp-content\/uploads\/2023\/11\/Ovals-Livonia-3738-1024x682-1024x682-1-768x512.jpg 768w","medium_srcset":"https:\/\/livonia-rugby.lv\/wp-content\/uploads\/2023\/11\/Ovals-Livonia-3738-1024x682-1024x682-1-300x200.jpg 300w, https:\/\/livonia-rugby.lv\/wp-content\/uploads\/2023\/11\/Ovals-Livonia-3738-1024x682-1024x682-1-768x512.jpg 768w, https:\/\/livonia-rugby.lv\/wp-content\/uploads\/2023\/11\/Ovals-Livonia-3738-1024x682-1024x682-1.jpg 1024w","media_details":{"width":1024,"height":682,"sizes":{"medium":{"file":"Ovals-Livonia-3738-1024x682-1024x682-1-300x200.jpg","width":300,"height":200,"mime-type":"image\/jpeg","filesize":14945,"source_url":"https:\/\/livonia-rugby.lv\/wp-content\/uploads\/2023\/11\/Ovals-Livonia-3738-1024x682-1024x682-1-300x200.jpg"},"thumbnail":{"file":"Ovals-Livonia-3738-1024x682-1024x682-1-150x150.jpg","width":150,"height":150,"mime-type":"image\/jpeg","filesize":7563,"source_url":"https:\/\/livonia-rugby.lv\/wp-content\/uploads\/2023\/11\/Ovals-Livonia-3738-1024x682-1024x682-1-150x150.jpg"},"medium_large":{"file":"Ovals-Livonia-3738-1024x682-1024x682-1-768x512.jpg","width":768,"height":512,"mime-type":"image\/jpeg","filesize":64707,"source_url":"https:\/\/livonia-rugby.lv\/wp-content\/uploads\/2023\/11\/Ovals-Livonia-3738-1024x682-1024x682-1-768x512.jpg"}}},"alt_text":"","url":"","target":""},{"id":137,"title":"311090468_586790679912734_8814612681775485485_n","caption":"","full_image_url":"https:\/\/livonia-rugby.lv\/wp-content\/uploads\/2023\/11\/311090468_586790679912734_8814612681775485485_n-1.jpg","thumbnail_image_url":"https:\/\/livonia-rugby.lv\/wp-content\/uploads\/2023\/11\/311090468_586790679912734_8814612681775485485_n-1-150x150.jpg","large_srcset":"https:\/\/livonia-rugby.lv\/wp-content\/uploads\/2023\/11\/311090468_586790679912734_8814612681775485485_n-1-1024x683.jpg 1024w, https:\/\/livonia-rugby.lv\/wp-content\/uploads\/2023\/11\/311090468_586790679912734_8814612681775485485_n-1-300x200.jpg 300w, https:\/\/livonia-rugby.lv\/wp-content\/uploads\/2023\/11\/311090468_586790679912734_8814612681775485485_n-1-768x512.jpg 768w, https:\/\/livonia-rugby.lv\/wp-content\/uploads\/2023\/11\/311090468_586790679912734_8814612681775485485_n-1-1536x1024.jpg 1536w, https:\/\/livonia-rugby.lv\/wp-content\/uploads\/2023\/11\/311090468_586790679912734_8814612681775485485_n-1.jpg 2048w","medium_srcset":"https:\/\/livonia-rugby.lv\/wp-content\/uploads\/2023\/11\/311090468_586790679912734_8814612681775485485_n-1-300x200.jpg 300w, https:\/\/livonia-rugby.lv\/wp-content\/uploads\/2023\/11\/311090468_586790679912734_8814612681775485485_n-1-1024x683.jpg 1024w, https:\/\/livonia-rugby.lv\/wp-content\/uploads\/2023\/11\/311090468_586790679912734_8814612681775485485_n-1-768x512.jpg 768w, https:\/\/livonia-rugby.lv\/wp-content\/uploads\/2023\/11\/311090468_586790679912734_8814612681775485485_n-1-1536x1024.jpg 1536w, https:\/\/livonia-rugby.lv\/wp-content\/uploads\/2023\/11\/311090468_586790679912734_8814612681775485485_n-1.jpg 2048w","media_details":{"width":2048,"height":1365,"sizes":{"medium":{"file":"311090468_586790679912734_8814612681775485485_n-1-300x200.jpg","width":300,"height":200,"mime-type":"image\/jpeg","filesize":22814,"source_url":"https:\/\/livonia-rugby.lv\/wp-content\/uploads\/2023\/11\/311090468_586790679912734_8814612681775485485_n-1-300x200.jpg"},"large":{"file":"311090468_586790679912734_8814612681775485485_n-1-1024x683.jpg","width":1024,"height":683,"mime-type":"image\/jpeg","filesize":189761,"source_url":"https:\/\/livonia-rugby.lv\/wp-content\/uploads\/2023\/11\/311090468_586790679912734_8814612681775485485_n-1-1024x683.jpg"},"thumbnail":{"file":"311090468_586790679912734_8814612681775485485_n-1-150x150.jpg","width":150,"height":150,"mime-type":"image\/jpeg","filesize":9100,"source_url":"https:\/\/livonia-rugby.lv\/wp-content\/uploads\/2023\/11\/311090468_586790679912734_8814612681775485485_n-1-150x150.jpg"},"medium_large":{"file":"311090468_586790679912734_8814612681775485485_n-1-768x512.jpg","width":768,"height":512,"mime-type":"image\/jpeg","filesize":116213,"source_url":"https:\/\/livonia-rugby.lv\/wp-content\/uploads\/2023\/11\/311090468_586790679912734_8814612681775485485_n-1-768x512.jpg"},"1536x1536":{"file":"311090468_586790679912734_8814612681775485485_n-1-1536x1024.jpg","width":1536,"height":1024,"mime-type":"image\/jpeg","filesize":353874,"source_url":"https:\/\/livonia-rugby.lv\/wp-content\/uploads\/2023\/11\/311090468_586790679912734_8814612681775485485_n-1-1536x1024.jpg"}}},"alt_text":"","url":"","target":""},{"id":138,"title":"311111955_586788563246279_8972514034229495135_n","caption":"","full_image_url":"https:\/\/livonia-rugby.lv\/wp-content\/uploads\/2023\/11\/311111955_586788563246279_8972514034229495135_n-1.jpg","thumbnail_image_url":"https:\/\/livonia-rugby.lv\/wp-content\/uploads\/2023\/11\/311111955_586788563246279_8972514034229495135_n-1-150x150.jpg","large_srcset":"https:\/\/livonia-rugby.lv\/wp-content\/uploads\/2023\/11\/311111955_586788563246279_8972514034229495135_n-1-1024x683.jpg 1024w, https:\/\/livonia-rugby.lv\/wp-content\/uploads\/2023\/11\/311111955_586788563246279_8972514034229495135_n-1-300x200.jpg 300w, https:\/\/livonia-rugby.lv\/wp-content\/uploads\/2023\/11\/311111955_586788563246279_8972514034229495135_n-1-768x512.jpg 768w, https:\/\/livonia-rugby.lv\/wp-content\/uploads\/2023\/11\/311111955_586788563246279_8972514034229495135_n-1-1536x1024.jpg 1536w, https:\/\/livonia-rugby.lv\/wp-content\/uploads\/2023\/11\/311111955_586788563246279_8972514034229495135_n-1.jpg 2048w","medium_srcset":"https:\/\/livonia-rugby.lv\/wp-content\/uploads\/2023\/11\/311111955_586788563246279_8972514034229495135_n-1-300x200.jpg 300w, https:\/\/livonia-rugby.lv\/wp-content\/uploads\/2023\/11\/311111955_586788563246279_8972514034229495135_n-1-1024x683.jpg 1024w, https:\/\/livonia-rugby.lv\/wp-content\/uploads\/2023\/11\/311111955_586788563246279_8972514034229495135_n-1-768x512.jpg 768w, https:\/\/livonia-rugby.lv\/wp-content\/uploads\/2023\/11\/311111955_586788563246279_8972514034229495135_n-1-1536x1024.jpg 1536w, https:\/\/livonia-rugby.lv\/wp-content\/uploads\/2023\/11\/311111955_586788563246279_8972514034229495135_n-1.jpg 2048w","media_details":{"width":2048,"height":1365,"sizes":{"medium":{"file":"311111955_586788563246279_8972514034229495135_n-1-300x200.jpg","width":300,"height":200,"mime-type":"image\/jpeg","filesize":18860,"source_url":"https:\/\/livonia-rugby.lv\/wp-content\/uploads\/2023\/11\/311111955_586788563246279_8972514034229495135_n-1-300x200.jpg"},"large":{"file":"311111955_586788563246279_8972514034229495135_n-1-1024x683.jpg","width":1024,"height":683,"mime-type":"image\/jpeg","filesize":125533,"source_url":"https:\/\/livonia-rugby.lv\/wp-content\/uploads\/2023\/11\/311111955_586788563246279_8972514034229495135_n-1-1024x683.jpg"},"thumbnail":{"file":"311111955_586788563246279_8972514034229495135_n-1-150x150.jpg","width":150,"height":150,"mime-type":"image\/jpeg","filesize":8326,"source_url":"https:\/\/livonia-rugby.lv\/wp-content\/uploads\/2023\/11\/311111955_586788563246279_8972514034229495135_n-1-150x150.jpg"},"medium_large":{"file":"311111955_586788563246279_8972514034229495135_n-1-768x512.jpg","width":768,"height":512,"mime-type":"image\/jpeg","filesize":80544,"source_url":"https:\/\/livonia-rugby.lv\/wp-content\/uploads\/2023\/11\/311111955_586788563246279_8972514034229495135_n-1-768x512.jpg"},"1536x1536":{"file":"311111955_586788563246279_8972514034229495135_n-1-1536x1024.jpg","width":1536,"height":1024,"mime-type":"image\/jpeg","filesize":227665,"source_url":"https:\/\/livonia-rugby.lv\/wp-content\/uploads\/2023\/11\/311111955_586788563246279_8972514034229495135_n-1-1536x1024.jpg"}}},"alt_text":"","url":"","target":""},{"id":139,"title":"312479803_600337015224767_2458446689454499368_n","caption":"","full_image_url":"https:\/\/livonia-rugby.lv\/wp-content\/uploads\/2023\/11\/312479803_600337015224767_2458446689454499368_n.jpg","thumbnail_image_url":"https:\/\/livonia-rugby.lv\/wp-content\/uploads\/2023\/11\/312479803_600337015224767_2458446689454499368_n-150x150.jpg","large_srcset":"https:\/\/livonia-rugby.lv\/wp-content\/uploads\/2023\/11\/312479803_600337015224767_2458446689454499368_n-1024x683.jpg 1024w, https:\/\/livonia-rugby.lv\/wp-content\/uploads\/2023\/11\/312479803_600337015224767_2458446689454499368_n-300x200.jpg 300w, https:\/\/livonia-rugby.lv\/wp-content\/uploads\/2023\/11\/312479803_600337015224767_2458446689454499368_n-768x512.jpg 768w, https:\/\/livonia-rugby.lv\/wp-content\/uploads\/2023\/11\/312479803_600337015224767_2458446689454499368_n-1536x1024.jpg 1536w, https:\/\/livonia-rugby.lv\/wp-content\/uploads\/2023\/11\/312479803_600337015224767_2458446689454499368_n.jpg 2048w","medium_srcset":"https:\/\/livonia-rugby.lv\/wp-content\/uploads\/2023\/11\/312479803_600337015224767_2458446689454499368_n-300x200.jpg 300w, https:\/\/livonia-rugby.lv\/wp-content\/uploads\/2023\/11\/312479803_600337015224767_2458446689454499368_n-1024x683.jpg 1024w, https:\/\/livonia-rugby.lv\/wp-content\/uploads\/2023\/11\/312479803_600337015224767_2458446689454499368_n-768x512.jpg 768w, https:\/\/livonia-rugby.lv\/wp-content\/uploads\/2023\/11\/312479803_600337015224767_2458446689454499368_n-1536x1024.jpg 1536w, https:\/\/livonia-rugby.lv\/wp-content\/uploads\/2023\/11\/312479803_600337015224767_2458446689454499368_n.jpg 2048w","media_details":{"width":2048,"height":1365,"sizes":{"medium":{"file":"312479803_600337015224767_2458446689454499368_n-300x200.jpg","width":300,"height":200,"mime-type":"image\/jpeg","filesize":18004,"source_url":"https:\/\/livonia-rugby.lv\/wp-content\/uploads\/2023\/11\/312479803_600337015224767_2458446689454499368_n-300x200.jpg"},"large":{"file":"312479803_600337015224767_2458446689454499368_n-1024x683.jpg","width":1024,"height":683,"mime-type":"image\/jpeg","filesize":166976,"source_url":"https:\/\/livonia-rugby.lv\/wp-content\/uploads\/2023\/11\/312479803_600337015224767_2458446689454499368_n-1024x683.jpg"},"thumbnail":{"file":"312479803_600337015224767_2458446689454499368_n-150x150.jpg","width":150,"height":150,"mime-type":"image\/jpeg","filesize":7669,"source_url":"https:\/\/livonia-rugby.lv\/wp-content\/uploads\/2023\/11\/312479803_600337015224767_2458446689454499368_n-150x150.jpg"},"medium_large":{"file":"312479803_600337015224767_2458446689454499368_n-768x512.jpg","width":768,"height":512,"mime-type":"image\/jpeg","filesize":97069,"source_url":"https:\/\/livonia-rugby.lv\/wp-content\/uploads\/2023\/11\/312479803_600337015224767_2458446689454499368_n-768x512.jpg"},"1536x1536":{"file":"312479803_600337015224767_2458446689454499368_n-1536x1024.jpg","width":1536,"height":1024,"mime-type":"image\/jpeg","filesize":322588,"source_url":"https:\/\/livonia-rugby.lv\/wp-content\/uploads\/2023\/11\/312479803_600337015224767_2458446689454499368_n-1536x1024.jpg"}}},"alt_text":"","url":"","target":""},{"id":140,"title":"312498415_600329665225502_1922952415328209422_n","caption":"","full_image_url":"https:\/\/livonia-rugby.lv\/wp-content\/uploads\/2023\/11\/312498415_600329665225502_1922952415328209422_n.jpg","thumbnail_image_url":"https:\/\/livonia-rugby.lv\/wp-content\/uploads\/2023\/11\/312498415_600329665225502_1922952415328209422_n-150x150.jpg","large_srcset":"https:\/\/livonia-rugby.lv\/wp-content\/uploads\/2023\/11\/312498415_600329665225502_1922952415328209422_n.jpg 621w, https:\/\/livonia-rugby.lv\/wp-content\/uploads\/2023\/11\/312498415_600329665225502_1922952415328209422_n-300x200.jpg 300w","medium_srcset":"https:\/\/livonia-rugby.lv\/wp-content\/uploads\/2023\/11\/312498415_600329665225502_1922952415328209422_n-300x200.jpg 300w, https:\/\/livonia-rugby.lv\/wp-content\/uploads\/2023\/11\/312498415_600329665225502_1922952415328209422_n.jpg 621w","media_details":{"width":621,"height":414,"sizes":{"medium":{"file":"312498415_600329665225502_1922952415328209422_n-300x200.jpg","width":300,"height":200,"mime-type":"image\/jpeg","filesize":19529,"source_url":"https:\/\/livonia-rugby.lv\/wp-content\/uploads\/2023\/11\/312498415_600329665225502_1922952415328209422_n-300x200.jpg"},"thumbnail":{"file":"312498415_600329665225502_1922952415328209422_n-150x150.jpg","width":150,"height":150,"mime-type":"image\/jpeg","filesize":9200,"source_url":"https:\/\/livonia-rugby.lv\/wp-content\/uploads\/2023\/11\/312498415_600329665225502_1922952415328209422_n-150x150.jpg"}}},"alt_text":"","url":"","target":""}]]}},"_links":{"self":[{"href":"https:\/\/livonia-rugby.lv\/en\/wp-json\/wp\/v2\/pages\/401","targetHints":{"allow":["GET"]}}],"collection":[{"href":"https:\/\/livonia-rugby.lv\/en\/wp-json\/wp\/v2\/pages"}],"about":[{"href":"https:\/\/livonia-rugby.lv\/en\/wp-json\/wp\/v2\/types\/page"}],"author":[{"embeddable":true,"href":"https:\/\/livonia-rugby.lv\/en\/wp-json\/wp\/v2\/users\/1"}],"replies":[{"embeddable":true,"href":"https:\/\/livonia-rugby.lv\/en\/wp-json\/wp\/v2\/comments?post=401"}],"version-history":[{"count":10,"href":"https:\/\/livonia-rugby.lv\/en\/wp-json\/wp\/v2\/pages\/401\/revisions"}],"predecessor-version":[{"id":537,"href":"https:\/\/livonia-rugby.lv\/en\/wp-json\/wp\/v2\/pages\/401\/revisions\/537"}],"up":[{"embeddable":true,"href":"https:\/\/livonia-rugby.lv\/en\/wp-json\/wp\/v2\/pages\/135"}],"wp:attachment":[{"href":"https:\/\/livonia-rugby.lv\/en\/wp-json\/wp\/v2\/media?parent=401"}],"curies":[{"name":"wp","href":"https:\/\/api.w.org\/{rel}","templated":true}]}}