{"id":680,"date":"2025-01-06T15:39:18","date_gmt":"2025-01-06T15:39:18","guid":{"rendered":"https:\/\/livonia-rugby.lv\/?page_id=680"},"modified":"2025-01-06T16:17:56","modified_gmt":"2025-01-06T16:17:56","slug":"personals","status":"publish","type":"page","link":"https:\/\/livonia-rugby.lv\/en\/personals\/","title":{"rendered":"Staff"},"content":{"rendered":"<div data-elementor-type=\"wp-page\" data-elementor-id=\"680\" class=\"elementor elementor-680\" data-elementor-settings=\"{&quot;ha_cmc_init_switcher&quot;:&quot;no&quot;}\" data-elementor-post-type=\"page\">\n\t\t\t\t<div class=\"elementor-element elementor-element-64d9b32 e-flex e-con-boxed e-con e-parent\" data-id=\"64d9b32\" data-element_type=\"container\" data-settings=\"{&quot;background_background&quot;:&quot;classic&quot;,&quot;_ha_eqh_enable&quot;:false}\">\n\t\t\t\t\t<div class=\"e-con-inner\">\n\t\t\t\t<div class=\"elementor-element elementor-element-1391ed0 elementor-widget elementor-widget-heading\" data-id=\"1391ed0\" data-element_type=\"widget\" data-widget_type=\"heading.default\">\n\t\t\t\t<div class=\"elementor-widget-container\">\n\t\t\t\t\t<h2 class=\"elementor-heading-title elementor-size-default\">TIME FOR RUGBY<\/h2>\t\t\t\t<\/div>\n\t\t\t\t<\/div>\n\t\t\t\t<div class=\"elementor-element elementor-element-e34ed92 elementor-widget elementor-widget-heading\" data-id=\"e34ed92\" data-element_type=\"widget\" data-widget_type=\"heading.default\">\n\t\t\t\t<div class=\"elementor-widget-container\">\n\t\t\t\t\t<h2 class=\"elementor-heading-title elementor-size-default\">SIGN UP FOR RUGBY TRAINING<\/h2>\t\t\t\t<\/div>\n\t\t\t\t<\/div>\n\t\t\t\t<div class=\"elementor-element elementor-element-e1777b9 elementor-widget elementor-widget-heading\" data-id=\"e1777b9\" data-element_type=\"widget\" data-widget_type=\"heading.default\">\n\t\t\t\t<div class=\"elementor-widget-container\">\n\t\t\t\t\t<p class=\"elementor-heading-title elementor-size-default\">AND BECOME ONE OF US<\/p>\t\t\t\t<\/div>\n\t\t\t\t<\/div>\n\t\t\t\t<div class=\"elementor-element elementor-element-c8fbd55 elementor-align-center elementor-widget elementor-widget-button\" data-id=\"c8fbd55\" data-element_type=\"widget\" data-widget_type=\"button.default\">\n\t\t\t\t<div class=\"elementor-widget-container\">\n\t\t\t\t\t\t\t\t\t<div class=\"elementor-button-wrapper\">\n\t\t\t\t\t<a class=\"elementor-button elementor-button-link elementor-size-sm\" href=\"\/en\/pieteikums\/\">\n\t\t\t\t\t\t<span class=\"elementor-button-content-wrapper\">\n\t\t\t\t\t\t\t\t\t<span class=\"elementor-button-text\">Apply<\/span>\n\t\t\t\t\t<\/span>\n\t\t\t\t\t<\/a>\n\t\t\t\t<\/div>\n\t\t\t\t\t\t\t\t<\/div>\n\t\t\t\t<\/div>\n\t\t\t\t\t<\/div>\n\t\t\t\t<\/div>\n\t\t<div class=\"elementor-element elementor-element-81c887f e-flex e-con-boxed e-con e-parent\" data-id=\"81c887f\" data-element_type=\"container\" data-settings=\"{&quot;background_background&quot;:&quot;classic&quot;,&quot;_ha_eqh_enable&quot;:false}\">\n\t\t\t\t\t<div class=\"e-con-inner\">\n\t\t\t\t<div class=\"elementor-element elementor-element-f4cb3a8 elementor-widget elementor-widget-spacer\" data-id=\"f4cb3a8\" data-element_type=\"widget\" data-widget_type=\"spacer.default\">\n\t\t\t\t<div class=\"elementor-widget-container\">\n\t\t\t\t\t\t\t<div class=\"elementor-spacer\">\n\t\t\t<div class=\"elementor-spacer-inner\"><\/div>\n\t\t<\/div>\n\t\t\t\t\t\t<\/div>\n\t\t\t\t<\/div>\n\t\t\t\t<div class=\"elementor-element elementor-element-89e871f elementor-widget elementor-widget-heading\" data-id=\"89e871f\" data-element_type=\"widget\" data-widget_type=\"heading.default\">\n\t\t\t\t<div class=\"elementor-widget-container\">\n\t\t\t\t\t<h2 class=\"elementor-heading-title elementor-size-default\">Staff<\/h2>\t\t\t\t<\/div>\n\t\t\t\t<\/div>\n\t\t\t\t\t<\/div>\n\t\t\t\t<\/div>\n\t\t<div class=\"elementor-element elementor-element-5309936 e-grid e-con-boxed e-con e-parent\" data-id=\"5309936\" data-element_type=\"container\" data-settings=\"{&quot;background_background&quot;:&quot;classic&quot;,&quot;_ha_eqh_enable&quot;:false}\">\n\t\t\t\t\t<div class=\"e-con-inner\">\n\t\t\t\t<div class=\"elementor-element elementor-element-e741756 elementor-widget elementor-widget-image\" data-id=\"e741756\" data-element_type=\"widget\" data-widget_type=\"image.default\">\n\t\t\t\t<div class=\"elementor-widget-container\">\n\t\t\t\t\t\t\t\t\t\t\t\t\t\t\t<img fetchpriority=\"high\" decoding=\"async\" width=\"455\" height=\"1024\" src=\"https:\/\/livonia-rugby.lv\/wp-content\/uploads\/2025\/01\/web-52-455x1024.png\" class=\"attachment-large size-large wp-image-685\" alt=\"\" srcset=\"https:\/\/livonia-rugby.lv\/wp-content\/uploads\/2025\/01\/web-52-455x1024.png 455w, https:\/\/livonia-rugby.lv\/wp-content\/uploads\/2025\/01\/web-52-133x300.png 133w, https:\/\/livonia-rugby.lv\/wp-content\/uploads\/2025\/01\/web-52-5x12.png 5w, https:\/\/livonia-rugby.lv\/wp-content\/uploads\/2025\/01\/web-52.png 554w\" sizes=\"(max-width: 455px) 100vw, 455px\" \/>\t\t\t\t\t\t\t\t\t\t\t\t\t\t\t<\/div>\n\t\t\t\t<\/div>\n\t\t\t\t<div class=\"elementor-element elementor-element-70396a7 elementor-widget elementor-widget-image\" data-id=\"70396a7\" data-element_type=\"widget\" data-widget_type=\"image.default\">\n\t\t\t\t<div class=\"elementor-widget-container\">\n\t\t\t\t\t\t\t\t\t\t\t\t\t\t\t<img decoding=\"async\" width=\"455\" height=\"1024\" src=\"https:\/\/livonia-rugby.lv\/wp-content\/uploads\/2025\/01\/web-46-1-455x1024.png\" class=\"attachment-large size-large wp-image-754\" alt=\"\" srcset=\"https:\/\/livonia-rugby.lv\/wp-content\/uploads\/2025\/01\/web-46-1-455x1024.png 455w, https:\/\/livonia-rugby.lv\/wp-content\/uploads\/2025\/01\/web-46-1-133x300.png 133w, https:\/\/livonia-rugby.lv\/wp-content\/uploads\/2025\/01\/web-46-1-5x12.png 5w, https:\/\/livonia-rugby.lv\/wp-content\/uploads\/2025\/01\/web-46-1.png 554w\" sizes=\"(max-width: 455px) 100vw, 455px\" \/>\t\t\t\t\t\t\t\t\t\t\t\t\t\t\t<\/div>\n\t\t\t\t<\/div>\n\t\t\t\t<div class=\"elementor-element elementor-element-4e859b9 elementor-widget elementor-widget-image\" data-id=\"4e859b9\" data-element_type=\"widget\" data-widget_type=\"image.default\">\n\t\t\t\t<div class=\"elementor-widget-container\">\n\t\t\t\t\t\t\t\t\t\t\t\t\t\t\t<img decoding=\"async\" width=\"455\" height=\"1024\" src=\"https:\/\/livonia-rugby.lv\/wp-content\/uploads\/2025\/01\/web-48-455x1024.png\" class=\"attachment-large size-large wp-image-736\" alt=\"\" srcset=\"https:\/\/livonia-rugby.lv\/wp-content\/uploads\/2025\/01\/web-48-455x1024.png 455w, https:\/\/livonia-rugby.lv\/wp-content\/uploads\/2025\/01\/web-48-133x300.png 133w, https:\/\/livonia-rugby.lv\/wp-content\/uploads\/2025\/01\/web-48-5x12.png 5w, https:\/\/livonia-rugby.lv\/wp-content\/uploads\/2025\/01\/web-48.png 554w\" sizes=\"(max-width: 455px) 100vw, 455px\" \/>\t\t\t\t\t\t\t\t\t\t\t\t\t\t\t<\/div>\n\t\t\t\t<\/div>\n\t\t\t\t<div class=\"elementor-element elementor-element-5804d2c elementor-widget elementor-widget-image\" data-id=\"5804d2c\" data-element_type=\"widget\" data-widget_type=\"image.default\">\n\t\t\t\t<div class=\"elementor-widget-container\">\n\t\t\t\t\t\t\t\t\t\t\t\t\t\t\t<img loading=\"lazy\" decoding=\"async\" width=\"455\" height=\"1024\" src=\"https:\/\/livonia-rugby.lv\/wp-content\/uploads\/2025\/01\/web-47-455x1024.png\" class=\"attachment-large size-large wp-image-735\" alt=\"\" srcset=\"https:\/\/livonia-rugby.lv\/wp-content\/uploads\/2025\/01\/web-47-455x1024.png 455w, https:\/\/livonia-rugby.lv\/wp-content\/uploads\/2025\/01\/web-47-133x300.png 133w, https:\/\/livonia-rugby.lv\/wp-content\/uploads\/2025\/01\/web-47-5x12.png 5w, https:\/\/livonia-rugby.lv\/wp-content\/uploads\/2025\/01\/web-47.png 554w\" sizes=\"(max-width: 455px) 100vw, 455px\" \/>\t\t\t\t\t\t\t\t\t\t\t\t\t\t\t<\/div>\n\t\t\t\t<\/div>\n\t\t\t\t<div class=\"elementor-element elementor-element-67296c6 elementor-widget elementor-widget-image\" data-id=\"67296c6\" data-element_type=\"widget\" data-widget_type=\"image.default\">\n\t\t\t\t<div class=\"elementor-widget-container\">\n\t\t\t\t\t\t\t\t\t\t\t\t\t\t\t<img loading=\"lazy\" decoding=\"async\" width=\"455\" height=\"1024\" src=\"https:\/\/livonia-rugby.lv\/wp-content\/uploads\/2025\/01\/web-44-455x1024.png\" class=\"attachment-large size-large wp-image-732\" alt=\"\" srcset=\"https:\/\/livonia-rugby.lv\/wp-content\/uploads\/2025\/01\/web-44-455x1024.png 455w, https:\/\/livonia-rugby.lv\/wp-content\/uploads\/2025\/01\/web-44-133x300.png 133w, https:\/\/livonia-rugby.lv\/wp-content\/uploads\/2025\/01\/web-44-5x12.png 5w, https:\/\/livonia-rugby.lv\/wp-content\/uploads\/2025\/01\/web-44.png 554w\" sizes=\"(max-width: 455px) 100vw, 455px\" \/>\t\t\t\t\t\t\t\t\t\t\t\t\t\t\t<\/div>\n\t\t\t\t<\/div>\n\t\t\t\t<div class=\"elementor-element elementor-element-f5c9dec elementor-widget elementor-widget-image\" data-id=\"f5c9dec\" data-element_type=\"widget\" data-widget_type=\"image.default\">\n\t\t\t\t<div class=\"elementor-widget-container\">\n\t\t\t\t\t\t\t\t\t\t\t\t\t\t\t<img loading=\"lazy\" decoding=\"async\" width=\"455\" height=\"1024\" src=\"https:\/\/livonia-rugby.lv\/wp-content\/uploads\/2025\/01\/web-57-455x1024.png\" class=\"attachment-large size-large wp-image-690\" alt=\"\" srcset=\"https:\/\/livonia-rugby.lv\/wp-content\/uploads\/2025\/01\/web-57-455x1024.png 455w, https:\/\/livonia-rugby.lv\/wp-content\/uploads\/2025\/01\/web-57-133x300.png 133w, https:\/\/livonia-rugby.lv\/wp-content\/uploads\/2025\/01\/web-57-5x12.png 5w, https:\/\/livonia-rugby.lv\/wp-content\/uploads\/2025\/01\/web-57.png 554w\" sizes=\"(max-width: 455px) 100vw, 455px\" \/>\t\t\t\t\t\t\t\t\t\t\t\t\t\t\t<\/div>\n\t\t\t\t<\/div>\n\t\t\t\t<div class=\"elementor-element elementor-element-08d318b elementor-widget elementor-widget-image\" data-id=\"08d318b\" data-element_type=\"widget\" data-widget_type=\"image.default\">\n\t\t\t\t<div class=\"elementor-widget-container\">\n\t\t\t\t\t\t\t\t\t\t\t\t\t\t\t<img loading=\"lazy\" decoding=\"async\" width=\"455\" height=\"1024\" src=\"https:\/\/livonia-rugby.lv\/wp-content\/uploads\/2025\/01\/web-56-455x1024.png\" class=\"attachment-large size-large wp-image-689\" alt=\"\" srcset=\"https:\/\/livonia-rugby.lv\/wp-content\/uploads\/2025\/01\/web-56-455x1024.png 455w, https:\/\/livonia-rugby.lv\/wp-content\/uploads\/2025\/01\/web-56-133x300.png 133w, https:\/\/livonia-rugby.lv\/wp-content\/uploads\/2025\/01\/web-56-5x12.png 5w, https:\/\/livonia-rugby.lv\/wp-content\/uploads\/2025\/01\/web-56.png 554w\" sizes=\"(max-width: 455px) 100vw, 455px\" \/>\t\t\t\t\t\t\t\t\t\t\t\t\t\t\t<\/div>\n\t\t\t\t<\/div>\n\t\t\t\t<div class=\"elementor-element elementor-element-9700561 elementor-widget elementor-widget-image\" data-id=\"9700561\" data-element_type=\"widget\" data-widget_type=\"image.default\">\n\t\t\t\t<div class=\"elementor-widget-container\">\n\t\t\t\t\t\t\t\t\t\t\t\t\t\t\t<img loading=\"lazy\" decoding=\"async\" width=\"455\" height=\"1024\" src=\"https:\/\/livonia-rugby.lv\/wp-content\/uploads\/2025\/01\/web-55-455x1024.png\" class=\"attachment-large size-large wp-image-688\" alt=\"\" srcset=\"https:\/\/livonia-rugby.lv\/wp-content\/uploads\/2025\/01\/web-55-455x1024.png 455w, https:\/\/livonia-rugby.lv\/wp-content\/uploads\/2025\/01\/web-55-133x300.png 133w, https:\/\/livonia-rugby.lv\/wp-content\/uploads\/2025\/01\/web-55-5x12.png 5w, https:\/\/livonia-rugby.lv\/wp-content\/uploads\/2025\/01\/web-55.png 554w\" sizes=\"(max-width: 455px) 100vw, 455px\" \/>\t\t\t\t\t\t\t\t\t\t\t\t\t\t\t<\/div>\n\t\t\t\t<\/div>\n\t\t\t\t<div class=\"elementor-element elementor-element-49738e1 elementor-widget elementor-widget-image\" data-id=\"49738e1\" data-element_type=\"widget\" data-widget_type=\"image.default\">\n\t\t\t\t<div class=\"elementor-widget-container\">\n\t\t\t\t\t\t\t\t\t\t\t\t\t\t\t<img loading=\"lazy\" decoding=\"async\" width=\"455\" height=\"1024\" src=\"https:\/\/livonia-rugby.lv\/wp-content\/uploads\/2025\/01\/web-51-455x1024.png\" class=\"attachment-large size-large wp-image-684\" alt=\"\" srcset=\"https:\/\/livonia-rugby.lv\/wp-content\/uploads\/2025\/01\/web-51-455x1024.png 455w, https:\/\/livonia-rugby.lv\/wp-content\/uploads\/2025\/01\/web-51-133x300.png 133w, https:\/\/livonia-rugby.lv\/wp-content\/uploads\/2025\/01\/web-51-5x12.png 5w, https:\/\/livonia-rugby.lv\/wp-content\/uploads\/2025\/01\/web-51.png 554w\" sizes=\"(max-width: 455px) 100vw, 455px\" \/>\t\t\t\t\t\t\t\t\t\t\t\t\t\t\t<\/div>\n\t\t\t\t<\/div>\n\t\t\t\t<div class=\"elementor-element elementor-element-0d0ad46 elementor-widget elementor-widget-image\" data-id=\"0d0ad46\" data-element_type=\"widget\" data-widget_type=\"image.default\">\n\t\t\t\t<div class=\"elementor-widget-container\">\n\t\t\t\t\t\t\t\t\t\t\t\t\t\t\t<img loading=\"lazy\" decoding=\"async\" width=\"453\" height=\"1024\" src=\"https:\/\/livonia-rugby.lv\/wp-content\/uploads\/2025\/01\/web-59-453x1024.png\" class=\"attachment-large size-large wp-image-692\" alt=\"\" srcset=\"https:\/\/livonia-rugby.lv\/wp-content\/uploads\/2025\/01\/web-59-453x1024.png 453w, https:\/\/livonia-rugby.lv\/wp-content\/uploads\/2025\/01\/web-59-133x300.png 133w, https:\/\/livonia-rugby.lv\/wp-content\/uploads\/2025\/01\/web-59-5x12.png 5w, https:\/\/livonia-rugby.lv\/wp-content\/uploads\/2025\/01\/web-59.png 552w\" sizes=\"(max-width: 453px) 100vw, 453px\" \/>\t\t\t\t\t\t\t\t\t\t\t\t\t\t\t<\/div>\n\t\t\t\t<\/div>\n\t\t\t\t<div class=\"elementor-element elementor-element-ae9be4a elementor-widget elementor-widget-image\" data-id=\"ae9be4a\" data-element_type=\"widget\" data-widget_type=\"image.default\">\n\t\t\t\t<div class=\"elementor-widget-container\">\n\t\t\t\t\t\t\t\t\t\t\t\t\t\t\t<img loading=\"lazy\" decoding=\"async\" width=\"453\" height=\"1024\" src=\"https:\/\/livonia-rugby.lv\/wp-content\/uploads\/2025\/01\/web-58-453x1024.png\" class=\"attachment-large size-large wp-image-691\" alt=\"\" srcset=\"https:\/\/livonia-rugby.lv\/wp-content\/uploads\/2025\/01\/web-58-453x1024.png 453w, https:\/\/livonia-rugby.lv\/wp-content\/uploads\/2025\/01\/web-58-133x300.png 133w, https:\/\/livonia-rugby.lv\/wp-content\/uploads\/2025\/01\/web-58-5x12.png 5w, https:\/\/livonia-rugby.lv\/wp-content\/uploads\/2025\/01\/web-58.png 552w\" sizes=\"(max-width: 453px) 100vw, 453px\" \/>\t\t\t\t\t\t\t\t\t\t\t\t\t\t\t<\/div>\n\t\t\t\t<\/div>\n\t\t\t\t<div class=\"elementor-element elementor-element-3b0f2fa elementor-widget elementor-widget-image\" data-id=\"3b0f2fa\" data-element_type=\"widget\" data-widget_type=\"image.default\">\n\t\t\t\t<div class=\"elementor-widget-container\">\n\t\t\t\t\t\t\t\t\t\t\t\t\t\t\t<img loading=\"lazy\" decoding=\"async\" width=\"455\" height=\"1024\" src=\"https:\/\/livonia-rugby.lv\/wp-content\/uploads\/2025\/01\/web-54-455x1024.png\" class=\"attachment-large size-large wp-image-687\" alt=\"\" srcset=\"https:\/\/livonia-rugby.lv\/wp-content\/uploads\/2025\/01\/web-54-455x1024.png 455w, https:\/\/livonia-rugby.lv\/wp-content\/uploads\/2025\/01\/web-54-133x300.png 133w, https:\/\/livonia-rugby.lv\/wp-content\/uploads\/2025\/01\/web-54-5x12.png 5w, https:\/\/livonia-rugby.lv\/wp-content\/uploads\/2025\/01\/web-54.png 554w\" sizes=\"(max-width: 455px) 100vw, 455px\" \/>\t\t\t\t\t\t\t\t\t\t\t\t\t\t\t<\/div>\n\t\t\t\t<\/div>\n\t\t\t\t<div class=\"elementor-element elementor-element-4838596 elementor-widget elementor-widget-image\" data-id=\"4838596\" data-element_type=\"widget\" data-widget_type=\"image.default\">\n\t\t\t\t<div class=\"elementor-widget-container\">\n\t\t\t\t\t\t\t\t\t\t\t\t\t\t\t<img loading=\"lazy\" decoding=\"async\" width=\"455\" height=\"1024\" src=\"https:\/\/livonia-rugby.lv\/wp-content\/uploads\/2025\/01\/web-53-455x1024.png\" class=\"attachment-large size-large wp-image-686\" alt=\"\" srcset=\"https:\/\/livonia-rugby.lv\/wp-content\/uploads\/2025\/01\/web-53-455x1024.png 455w, https:\/\/livonia-rugby.lv\/wp-content\/uploads\/2025\/01\/web-53-133x300.png 133w, https:\/\/livonia-rugby.lv\/wp-content\/uploads\/2025\/01\/web-53-5x12.png 5w, https:\/\/livonia-rugby.lv\/wp-content\/uploads\/2025\/01\/web-53.png 554w\" sizes=\"(max-width: 455px) 100vw, 455px\" \/>\t\t\t\t\t\t\t\t\t\t\t\t\t\t\t<\/div>\n\t\t\t\t<\/div>\n\t\t\t\t<div class=\"elementor-element elementor-element-e971922 elementor-widget elementor-widget-image\" data-id=\"e971922\" data-element_type=\"widget\" data-widget_type=\"image.default\">\n\t\t\t\t<div class=\"elementor-widget-container\">\n\t\t\t\t\t\t\t\t\t\t\t\t\t\t\t<img loading=\"lazy\" decoding=\"async\" width=\"455\" height=\"1024\" src=\"https:\/\/livonia-rugby.lv\/wp-content\/uploads\/2025\/01\/web-37-455x1024.png\" class=\"attachment-large size-large wp-image-726\" alt=\"\" srcset=\"https:\/\/livonia-rugby.lv\/wp-content\/uploads\/2025\/01\/web-37-455x1024.png 455w, https:\/\/livonia-rugby.lv\/wp-content\/uploads\/2025\/01\/web-37-133x300.png 133w, https:\/\/livonia-rugby.lv\/wp-content\/uploads\/2025\/01\/web-37-5x12.png 5w, https:\/\/livonia-rugby.lv\/wp-content\/uploads\/2025\/01\/web-37.png 554w\" sizes=\"(max-width: 455px) 100vw, 455px\" \/>\t\t\t\t\t\t\t\t\t\t\t\t\t\t\t<\/div>\n\t\t\t\t<\/div>\n\t\t\t\t<div class=\"elementor-element elementor-element-ccc8f67 elementor-widget elementor-widget-image\" data-id=\"ccc8f67\" data-element_type=\"widget\" data-widget_type=\"image.default\">\n\t\t\t\t<div class=\"elementor-widget-container\">\n\t\t\t\t\t\t\t\t\t\t\t\t\t\t\t<img loading=\"lazy\" decoding=\"async\" width=\"455\" height=\"1024\" src=\"https:\/\/livonia-rugby.lv\/wp-content\/uploads\/2025\/01\/web-34-455x1024.png\" class=\"attachment-large size-large wp-image-724\" alt=\"\" srcset=\"https:\/\/livonia-rugby.lv\/wp-content\/uploads\/2025\/01\/web-34-455x1024.png 455w, https:\/\/livonia-rugby.lv\/wp-content\/uploads\/2025\/01\/web-34-133x300.png 133w, https:\/\/livonia-rugby.lv\/wp-content\/uploads\/2025\/01\/web-34-5x12.png 5w, https:\/\/livonia-rugby.lv\/wp-content\/uploads\/2025\/01\/web-34.png 554w\" sizes=\"(max-width: 455px) 100vw, 455px\" \/>\t\t\t\t\t\t\t\t\t\t\t\t\t\t\t<\/div>\n\t\t\t\t<\/div>\n\t\t\t\t<div class=\"elementor-element elementor-element-3547e99 elementor-widget elementor-widget-image\" data-id=\"3547e99\" data-element_type=\"widget\" data-widget_type=\"image.default\">\n\t\t\t\t<div class=\"elementor-widget-container\">\n\t\t\t\t\t\t\t\t\t\t\t\t\t\t\t<img loading=\"lazy\" decoding=\"async\" width=\"455\" height=\"1024\" src=\"https:\/\/livonia-rugby.lv\/wp-content\/uploads\/2025\/01\/web-35-455x1024.png\" class=\"attachment-large size-large wp-image-725\" alt=\"\" srcset=\"https:\/\/livonia-rugby.lv\/wp-content\/uploads\/2025\/01\/web-35-455x1024.png 455w, https:\/\/livonia-rugby.lv\/wp-content\/uploads\/2025\/01\/web-35-133x300.png 133w, https:\/\/livonia-rugby.lv\/wp-content\/uploads\/2025\/01\/web-35-5x12.png 5w, https:\/\/livonia-rugby.lv\/wp-content\/uploads\/2025\/01\/web-35.png 554w\" sizes=\"(max-width: 455px) 100vw, 455px\" \/>\t\t\t\t\t\t\t\t\t\t\t\t\t\t\t<\/div>\n\t\t\t\t<\/div>\n\t\t\t\t<div class=\"elementor-element elementor-element-8285ffe elementor-widget elementor-widget-image\" data-id=\"8285ffe\" data-element_type=\"widget\" data-widget_type=\"image.default\">\n\t\t\t\t<div class=\"elementor-widget-container\">\n\t\t\t\t\t\t\t\t\t\t\t\t\t\t\t<img loading=\"lazy\" decoding=\"async\" width=\"455\" height=\"1024\" src=\"https:\/\/livonia-rugby.lv\/wp-content\/uploads\/2025\/01\/web-49-455x1024.png\" class=\"attachment-large size-large wp-image-737\" alt=\"\" srcset=\"https:\/\/livonia-rugby.lv\/wp-content\/uploads\/2025\/01\/web-49-455x1024.png 455w, https:\/\/livonia-rugby.lv\/wp-content\/uploads\/2025\/01\/web-49-133x300.png 133w, https:\/\/livonia-rugby.lv\/wp-content\/uploads\/2025\/01\/web-49-5x12.png 5w, https:\/\/livonia-rugby.lv\/wp-content\/uploads\/2025\/01\/web-49.png 554w\" sizes=\"(max-width: 455px) 100vw, 455px\" \/>\t\t\t\t\t\t\t\t\t\t\t\t\t\t\t<\/div>\n\t\t\t\t<\/div>\n\t\t\t\t<div class=\"elementor-element elementor-element-ae1809a elementor-widget elementor-widget-image\" data-id=\"ae1809a\" data-element_type=\"widget\" data-widget_type=\"image.default\">\n\t\t\t\t<div class=\"elementor-widget-container\">\n\t\t\t\t\t\t\t\t\t\t\t\t\t\t\t<img loading=\"lazy\" decoding=\"async\" width=\"455\" height=\"1024\" src=\"https:\/\/livonia-rugby.lv\/wp-content\/uploads\/2025\/01\/web-50-455x1024.png\" class=\"attachment-large size-large wp-image-683\" alt=\"\" srcset=\"https:\/\/livonia-rugby.lv\/wp-content\/uploads\/2025\/01\/web-50-455x1024.png 455w, https:\/\/livonia-rugby.lv\/wp-content\/uploads\/2025\/01\/web-50-133x300.png 133w, https:\/\/livonia-rugby.lv\/wp-content\/uploads\/2025\/01\/web-50-5x12.png 5w, https:\/\/livonia-rugby.lv\/wp-content\/uploads\/2025\/01\/web-50.png 554w\" sizes=\"(max-width: 455px) 100vw, 455px\" \/>\t\t\t\t\t\t\t\t\t\t\t\t\t\t\t<\/div>\n\t\t\t\t<\/div>\n\t\t\t\t<div class=\"elementor-element elementor-element-c5cefb0 elementor-widget elementor-widget-image\" data-id=\"c5cefb0\" data-element_type=\"widget\" data-widget_type=\"image.default\">\n\t\t\t\t<div class=\"elementor-widget-container\">\n\t\t\t\t\t\t\t\t\t\t\t\t\t\t\t<img loading=\"lazy\" decoding=\"async\" width=\"455\" height=\"1024\" src=\"https:\/\/livonia-rugby.lv\/wp-content\/uploads\/2025\/01\/web-42-455x1024.png\" class=\"attachment-large size-large wp-image-730\" alt=\"\" srcset=\"https:\/\/livonia-rugby.lv\/wp-content\/uploads\/2025\/01\/web-42-455x1024.png 455w, https:\/\/livonia-rugby.lv\/wp-content\/uploads\/2025\/01\/web-42-133x300.png 133w, https:\/\/livonia-rugby.lv\/wp-content\/uploads\/2025\/01\/web-42-5x12.png 5w, https:\/\/livonia-rugby.lv\/wp-content\/uploads\/2025\/01\/web-42.png 554w\" sizes=\"(max-width: 455px) 100vw, 455px\" \/>\t\t\t\t\t\t\t\t\t\t\t\t\t\t\t<\/div>\n\t\t\t\t<\/div>\n\t\t\t\t<div class=\"elementor-element elementor-element-24bdacb elementor-widget elementor-widget-image\" data-id=\"24bdacb\" data-element_type=\"widget\" data-widget_type=\"image.default\">\n\t\t\t\t<div class=\"elementor-widget-container\">\n\t\t\t\t\t\t\t\t\t\t\t\t\t\t\t<img loading=\"lazy\" decoding=\"async\" width=\"455\" height=\"1024\" src=\"https:\/\/livonia-rugby.lv\/wp-content\/uploads\/2025\/01\/web-40-455x1024.png\" class=\"attachment-large size-large wp-image-729\" alt=\"\" srcset=\"https:\/\/livonia-rugby.lv\/wp-content\/uploads\/2025\/01\/web-40-455x1024.png 455w, https:\/\/livonia-rugby.lv\/wp-content\/uploads\/2025\/01\/web-40-133x300.png 133w, https:\/\/livonia-rugby.lv\/wp-content\/uploads\/2025\/01\/web-40-5x12.png 5w, https:\/\/livonia-rugby.lv\/wp-content\/uploads\/2025\/01\/web-40.png 554w\" sizes=\"(max-width: 455px) 100vw, 455px\" \/>\t\t\t\t\t\t\t\t\t\t\t\t\t\t\t<\/div>\n\t\t\t\t<\/div>\n\t\t\t\t<div class=\"elementor-element elementor-element-3c70f04 elementor-widget elementor-widget-image\" data-id=\"3c70f04\" data-element_type=\"widget\" data-widget_type=\"image.default\">\n\t\t\t\t<div class=\"elementor-widget-container\">\n\t\t\t\t\t\t\t\t\t\t\t\t\t\t\t<img loading=\"lazy\" decoding=\"async\" width=\"455\" height=\"1024\" src=\"https:\/\/livonia-rugby.lv\/wp-content\/uploads\/2025\/01\/web-39-455x1024.png\" class=\"attachment-large size-large wp-image-728\" alt=\"\" srcset=\"https:\/\/livonia-rugby.lv\/wp-content\/uploads\/2025\/01\/web-39-455x1024.png 455w, https:\/\/livonia-rugby.lv\/wp-content\/uploads\/2025\/01\/web-39-133x300.png 133w, https:\/\/livonia-rugby.lv\/wp-content\/uploads\/2025\/01\/web-39-5x12.png 5w, https:\/\/livonia-rugby.lv\/wp-content\/uploads\/2025\/01\/web-39.png 554w\" sizes=\"(max-width: 455px) 100vw, 455px\" \/>\t\t\t\t\t\t\t\t\t\t\t\t\t\t\t<\/div>\n\t\t\t\t<\/div>\n\t\t\t\t<div class=\"elementor-element elementor-element-a104f41 elementor-widget elementor-widget-image\" data-id=\"a104f41\" data-element_type=\"widget\" data-widget_type=\"image.default\">\n\t\t\t\t<div class=\"elementor-widget-container\">\n\t\t\t\t\t\t\t\t\t\t\t\t\t\t\t<img loading=\"lazy\" decoding=\"async\" width=\"455\" height=\"1024\" src=\"https:\/\/livonia-rugby.lv\/wp-content\/uploads\/2025\/01\/web-38-455x1024.png\" class=\"attachment-large size-large wp-image-727\" alt=\"\" srcset=\"https:\/\/livonia-rugby.lv\/wp-content\/uploads\/2025\/01\/web-38-455x1024.png 455w, https:\/\/livonia-rugby.lv\/wp-content\/uploads\/2025\/01\/web-38-133x300.png 133w, https:\/\/livonia-rugby.lv\/wp-content\/uploads\/2025\/01\/web-38-5x12.png 5w, https:\/\/livonia-rugby.lv\/wp-content\/uploads\/2025\/01\/web-38.png 554w\" sizes=\"(max-width: 455px) 100vw, 455px\" \/>\t\t\t\t\t\t\t\t\t\t\t\t\t\t\t<\/div>\n\t\t\t\t<\/div>\n\t\t\t\t\t<\/div>\n\t\t\t\t<\/div>\n\t\t\t\t<\/div>","protected":false},"excerpt":{"rendered":"<p>LAIKS REGBIJAM PIESAKIES REGBIJA TRENI\u0145IEM UN K\u013b\u016aSTI PAR VIENU NO MUMS Pieteikties Person\u0101ls<\/p>","protected":false},"author":1,"featured_media":0,"parent":0,"menu_order":0,"comment_status":"closed","ping_status":"closed","template":"","meta":{"_acf_changed":false,"footnotes":""},"class_list":["post-680","page","type-page","status-publish","hentry"],"acf":{"photo_gallery":{"gallerija":[[]]}},"_links":{"self":[{"href":"https:\/\/livonia-rugby.lv\/en\/wp-json\/wp\/v2\/pages\/680","targetHints":{"allow":["GET"]}}],"collection":[{"href":"https:\/\/livonia-rugby.lv\/en\/wp-json\/wp\/v2\/pages"}],"about":[{"href":"https:\/\/livonia-rugby.lv\/en\/wp-json\/wp\/v2\/types\/page"}],"author":[{"embeddable":true,"href":"https:\/\/livonia-rugby.lv\/en\/wp-json\/wp\/v2\/users\/1"}],"replies":[{"embeddable":true,"href":"https:\/\/livonia-rugby.lv\/en\/wp-json\/wp\/v2\/comments?post=680"}],"version-history":[{"count":10,"href":"https:\/\/livonia-rugby.lv\/en\/wp-json\/wp\/v2\/pages\/680\/revisions"}],"predecessor-version":[{"id":757,"href":"https:\/\/livonia-rugby.lv\/en\/wp-json\/wp\/v2\/pages\/680\/revisions\/757"}],"wp:attachment":[{"href":"https:\/\/livonia-rugby.lv\/en\/wp-json\/wp\/v2\/media?parent=680"}],"curies":[{"name":"wp","href":"https:\/\/api.w.org\/{rel}","templated":true}]}}