{"id":69,"date":"2023-11-24T12:28:04","date_gmt":"2023-11-24T12:28:04","guid":{"rendered":"https:\/\/livonija.lovehorses.lv\/?page_id=69"},"modified":"2023-12-05T14:11:53","modified_gmt":"2023-12-05T14:11:53","slug":"kontakti","status":"publish","type":"page","link":"https:\/\/livonia-rugby.lv\/en\/kontakti\/","title":{"rendered":"Contacts"},"content":{"rendered":"<div data-elementor-type=\"wp-page\" data-elementor-id=\"69\" class=\"elementor elementor-69\" data-elementor-settings=\"{&quot;ha_cmc_init_switcher&quot;:&quot;no&quot;}\" data-elementor-post-type=\"page\">\n\t\t\t\t<div class=\"elementor-element elementor-element-5b9663b e-flex e-con-boxed e-con e-parent\" data-id=\"5b9663b\" data-element_type=\"container\" data-settings=\"{&quot;background_background&quot;:&quot;classic&quot;,&quot;_ha_eqh_enable&quot;:false}\">\n\t\t\t\t\t<div class=\"e-con-inner\">\n\t\t\t\t<div class=\"elementor-element elementor-element-eb00413 elementor-widget elementor-widget-heading\" data-id=\"eb00413\" data-element_type=\"widget\" data-widget_type=\"heading.default\">\n\t\t\t\t<div class=\"elementor-widget-container\">\n\t\t\t\t\t<h2 class=\"elementor-heading-title elementor-size-default\">TIME FOR RUGBY<\/h2>\t\t\t\t<\/div>\n\t\t\t\t<\/div>\n\t\t\t\t<div class=\"elementor-element elementor-element-ec17d2b elementor-widget elementor-widget-heading\" data-id=\"ec17d2b\" data-element_type=\"widget\" data-widget_type=\"heading.default\">\n\t\t\t\t<div class=\"elementor-widget-container\">\n\t\t\t\t\t<h2 class=\"elementor-heading-title elementor-size-default\">SIGN UP FOR RUGBY TRAINING<\/h2>\t\t\t\t<\/div>\n\t\t\t\t<\/div>\n\t\t\t\t<div class=\"elementor-element elementor-element-3778146 elementor-widget elementor-widget-heading\" data-id=\"3778146\" data-element_type=\"widget\" data-widget_type=\"heading.default\">\n\t\t\t\t<div class=\"elementor-widget-container\">\n\t\t\t\t\t<p class=\"elementor-heading-title elementor-size-default\">AND BECOME ONE OF US<\/p>\t\t\t\t<\/div>\n\t\t\t\t<\/div>\n\t\t\t\t<div class=\"elementor-element elementor-element-585c5d0 elementor-align-center elementor-widget elementor-widget-button\" data-id=\"585c5d0\" data-element_type=\"widget\" data-widget_type=\"button.default\">\n\t\t\t\t<div class=\"elementor-widget-container\">\n\t\t\t\t\t\t\t\t\t<div class=\"elementor-button-wrapper\">\n\t\t\t\t\t<a class=\"elementor-button elementor-button-link elementor-size-sm\" href=\"\/en\/pieteikums\/\">\n\t\t\t\t\t\t<span class=\"elementor-button-content-wrapper\">\n\t\t\t\t\t\t\t\t\t<span class=\"elementor-button-text\">Apply<\/span>\n\t\t\t\t\t<\/span>\n\t\t\t\t\t<\/a>\n\t\t\t\t<\/div>\n\t\t\t\t\t\t\t\t<\/div>\n\t\t\t\t<\/div>\n\t\t\t\t\t<\/div>\n\t\t\t\t<\/div>\n\t\t\t\t<\/div>","protected":false},"excerpt":{"rendered":"<p>LAIKS REGBIJAM PIESAKIES REGBIJA TRENI\u0145IEM UN K\u013b\u016aSTI PAR VIENU NO MUMS Pieteikties<\/p>","protected":false},"author":1,"featured_media":0,"parent":0,"menu_order":0,"comment_status":"closed","ping_status":"closed","template":"","meta":{"_acf_changed":false,"footnotes":""},"class_list":["post-69","page","type-page","status-publish","hentry"],"acf":{"photo_gallery":{"gallerija":[[]]}},"_links":{"self":[{"href":"https:\/\/livonia-rugby.lv\/en\/wp-json\/wp\/v2\/pages\/69","targetHints":{"allow":["GET"]}}],"collection":[{"href":"https:\/\/livonia-rugby.lv\/en\/wp-json\/wp\/v2\/pages"}],"about":[{"href":"https:\/\/livonia-rugby.lv\/en\/wp-json\/wp\/v2\/types\/page"}],"author":[{"embeddable":true,"href":"https:\/\/livonia-rugby.lv\/en\/wp-json\/wp\/v2\/users\/1"}],"replies":[{"embeddable":true,"href":"https:\/\/livonia-rugby.lv\/en\/wp-json\/wp\/v2\/comments?post=69"}],"version-history":[{"count":25,"href":"https:\/\/livonia-rugby.lv\/en\/wp-json\/wp\/v2\/pages\/69\/revisions"}],"predecessor-version":[{"id":534,"href":"https:\/\/livonia-rugby.lv\/en\/wp-json\/wp\/v2\/pages\/69\/revisions\/534"}],"wp:attachment":[{"href":"https:\/\/livonia-rugby.lv\/en\/wp-json\/wp\/v2\/media?parent=69"}],"curies":[{"name":"wp","href":"https:\/\/api.w.org\/{rel}","templated":true}]}}