{"id":766,"date":"2025-01-06T16:36:23","date_gmt":"2025-01-06T16:36:23","guid":{"rendered":"https:\/\/livonia-rugby.lv\/?page_id=766"},"modified":"2025-01-06T16:49:22","modified_gmt":"2025-01-06T16:49:22","slug":"sieviesu-komanda","status":"publish","type":"page","link":"https:\/\/livonia-rugby.lv\/en\/sieviesu-komanda\/","title":{"rendered":"Womans team"},"content":{"rendered":"<div data-elementor-type=\"wp-page\" data-elementor-id=\"766\" class=\"elementor elementor-766\" data-elementor-settings=\"{&quot;ha_cmc_init_switcher&quot;:&quot;no&quot;}\" data-elementor-post-type=\"page\">\n\t\t\t\t<div class=\"elementor-element elementor-element-0426ff6 e-flex e-con-boxed e-con e-parent\" data-id=\"0426ff6\" data-element_type=\"container\" data-settings=\"{&quot;background_background&quot;:&quot;classic&quot;,&quot;_ha_eqh_enable&quot;:false}\">\n\t\t\t\t\t<div class=\"e-con-inner\">\n\t\t\t\t<div class=\"elementor-element elementor-element-8036a53 elementor-widget elementor-widget-heading\" data-id=\"8036a53\" data-element_type=\"widget\" data-widget_type=\"heading.default\">\n\t\t\t\t<div class=\"elementor-widget-container\">\n\t\t\t\t\t<h2 class=\"elementor-heading-title elementor-size-default\">TIME FOR RUGBY<\/h2>\t\t\t\t<\/div>\n\t\t\t\t<\/div>\n\t\t\t\t<div class=\"elementor-element elementor-element-25747d4 elementor-widget elementor-widget-heading\" data-id=\"25747d4\" data-element_type=\"widget\" data-widget_type=\"heading.default\">\n\t\t\t\t<div class=\"elementor-widget-container\">\n\t\t\t\t\t<h2 class=\"elementor-heading-title elementor-size-default\">SIGN UP FOR RUGBY TRAINING<\/h2>\t\t\t\t<\/div>\n\t\t\t\t<\/div>\n\t\t\t\t<div class=\"elementor-element elementor-element-ce5a32d elementor-widget elementor-widget-heading\" data-id=\"ce5a32d\" data-element_type=\"widget\" data-widget_type=\"heading.default\">\n\t\t\t\t<div class=\"elementor-widget-container\">\n\t\t\t\t\t<p class=\"elementor-heading-title elementor-size-default\">AND BECOME ONE OF US<\/p>\t\t\t\t<\/div>\n\t\t\t\t<\/div>\n\t\t\t\t<div class=\"elementor-element elementor-element-c1fdfa9 elementor-align-center elementor-widget elementor-widget-button\" data-id=\"c1fdfa9\" data-element_type=\"widget\" data-widget_type=\"button.default\">\n\t\t\t\t<div class=\"elementor-widget-container\">\n\t\t\t\t\t\t\t\t\t<div class=\"elementor-button-wrapper\">\n\t\t\t\t\t<a class=\"elementor-button elementor-button-link elementor-size-sm\" href=\"\/en\/pieteikums\/\">\n\t\t\t\t\t\t<span class=\"elementor-button-content-wrapper\">\n\t\t\t\t\t\t\t\t\t<span class=\"elementor-button-text\">Apply<\/span>\n\t\t\t\t\t<\/span>\n\t\t\t\t\t<\/a>\n\t\t\t\t<\/div>\n\t\t\t\t\t\t\t\t<\/div>\n\t\t\t\t<\/div>\n\t\t\t\t\t<\/div>\n\t\t\t\t<\/div>\n\t\t<div class=\"elementor-element elementor-element-7399193 e-flex e-con-boxed e-con e-parent\" data-id=\"7399193\" data-element_type=\"container\" data-settings=\"{&quot;background_background&quot;:&quot;classic&quot;,&quot;_ha_eqh_enable&quot;:false}\">\n\t\t\t\t\t<div class=\"e-con-inner\">\n\t\t\t\t<div class=\"elementor-element elementor-element-09412ea elementor-widget elementor-widget-spacer\" data-id=\"09412ea\" data-element_type=\"widget\" data-widget_type=\"spacer.default\">\n\t\t\t\t<div class=\"elementor-widget-container\">\n\t\t\t\t\t\t\t<div class=\"elementor-spacer\">\n\t\t\t<div class=\"elementor-spacer-inner\"><\/div>\n\t\t<\/div>\n\t\t\t\t\t\t<\/div>\n\t\t\t\t<\/div>\n\t\t\t\t<div class=\"elementor-element elementor-element-867b9df elementor-widget elementor-widget-heading\" data-id=\"867b9df\" data-element_type=\"widget\" data-widget_type=\"heading.default\">\n\t\t\t\t<div class=\"elementor-widget-container\">\n\t\t\t\t\t<h2 class=\"elementor-heading-title elementor-size-default\">Womans team \u201cRSU\/Livonia\u201d<\/h2>\t\t\t\t<\/div>\n\t\t\t\t<\/div>\n\t\t\t\t<div class=\"elementor-element elementor-element-c76ad3f elementor-widget elementor-widget-image\" data-id=\"c76ad3f\" data-element_type=\"widget\" data-widget_type=\"image.default\">\n\t\t\t\t<div class=\"elementor-widget-container\">\n\t\t\t\t\t\t\t\t\t\t\t\t\t\t\t<img fetchpriority=\"high\" decoding=\"async\" width=\"2048\" height=\"1365\" src=\"https:\/\/livonia-rugby.lv\/wp-content\/uploads\/2025\/01\/455986582_1087108093214321_5480956092249769309_n.jpg\" class=\"attachment-full size-full wp-image-773\" alt=\"\" srcset=\"https:\/\/livonia-rugby.lv\/wp-content\/uploads\/2025\/01\/455986582_1087108093214321_5480956092249769309_n.jpg 2048w, https:\/\/livonia-rugby.lv\/wp-content\/uploads\/2025\/01\/455986582_1087108093214321_5480956092249769309_n-300x200.jpg 300w, https:\/\/livonia-rugby.lv\/wp-content\/uploads\/2025\/01\/455986582_1087108093214321_5480956092249769309_n-1024x683.jpg 1024w, https:\/\/livonia-rugby.lv\/wp-content\/uploads\/2025\/01\/455986582_1087108093214321_5480956092249769309_n-768x512.jpg 768w, https:\/\/livonia-rugby.lv\/wp-content\/uploads\/2025\/01\/455986582_1087108093214321_5480956092249769309_n-1536x1024.jpg 1536w, https:\/\/livonia-rugby.lv\/wp-content\/uploads\/2025\/01\/455986582_1087108093214321_5480956092249769309_n-18x12.jpg 18w\" sizes=\"(max-width: 2048px) 100vw, 2048px\" \/>\t\t\t\t\t\t\t\t\t\t\t\t\t\t\t<\/div>\n\t\t\t\t<\/div>\n\t\t\t\t<div class=\"elementor-element elementor-element-bcd8446 elementor-widget elementor-widget-text-editor\" data-id=\"bcd8446\" data-element_type=\"widget\" data-widget_type=\"text-editor.default\">\n\t\t\t\t<div class=\"elementor-widget-container\">\n\t\t\t\t\t\t\t\t\t<p>Our club proudly features a strong and ambitious women's rugby team, actively participating in the\u00a0<strong>Latvian Rugby-7 Championship<\/strong>\u00a0and the\u00a0<strong>Latvian Rugby-7 Cup<\/strong>\u00a0\u2014 an Olympic sport. The team consists of talented athletes, most of whom are also members of the Latvian national women's teams in Rugby-15 and Rugby-7.<br \/><br \/><strong>Success and Development<\/strong><br \/><br \/>Our players develop their skills with determination and focus, competing at both national and international levels. Regular participation in various competitions allows them to showcase their talent, gain experience, and elevate the prestige of women's rugby in Latvia.<br \/><br \/><strong>Promoting Women's Rugby<\/strong><br \/><br \/>The team not only strives for high athletic achievements but also actively promotes rugby among women in Latvia, inspiring the younger generation to join this dynamic and exciting sport. Our women's rugby team is an excellent example of how dedication and team spirit can pave the way to outstanding results.<\/p>\t\t\t\t\t\t\t\t<\/div>\n\t\t\t\t<\/div>\n\t\t\t\t\t<\/div>\n\t\t\t\t<\/div>\n\t\t\t\t<\/div>","protected":false},"excerpt":{"rendered":"<p>LAIKS REGBIJAM PIESAKIES REGBIJA TRENI\u0145IEM UN K\u013b\u016aSTI PAR VIENU NO MUMS Pieteikties SIEVIE\u0160U KOMANDA \u201cRSU\/Livonia\u201d M\u016bsu klub\u0101 ar lepnumu darbojas sp\u0113c\u012bga un ambicioza sievie\u0161u regbija komanda, kas akt\u012bvi piedal\u0101s\u00a0Latvijas \u010dempion\u0101t\u0101\u00a0un\u00a0Latvijas kaus\u0101\u00a0regbij\u0101-7 \u2014 olimpiskaj\u0101 sporta veid\u0101. Komandas sast\u0101v\u0101 ir talant\u012bgas sportistes, no kur\u0101m liel\u0101k\u0101 da\u013ca ir ar\u012b Latvijas sievie\u0161u izlases dal\u012bbnieces regbij\u0101-15 un regbij\u0101-7. Pan\u0101kumi un [&hellip;]<\/p>","protected":false},"author":1,"featured_media":0,"parent":0,"menu_order":0,"comment_status":"closed","ping_status":"closed","template":"","meta":{"_acf_changed":false,"footnotes":""},"class_list":["post-766","page","type-page","status-publish","hentry"],"acf":{"photo_gallery":{"gallerija":[[]]}},"_links":{"self":[{"href":"https:\/\/livonia-rugby.lv\/en\/wp-json\/wp\/v2\/pages\/766","targetHints":{"allow":["GET"]}}],"collection":[{"href":"https:\/\/livonia-rugby.lv\/en\/wp-json\/wp\/v2\/pages"}],"about":[{"href":"https:\/\/livonia-rugby.lv\/en\/wp-json\/wp\/v2\/types\/page"}],"author":[{"embeddable":true,"href":"https:\/\/livonia-rugby.lv\/en\/wp-json\/wp\/v2\/users\/1"}],"replies":[{"embeddable":true,"href":"https:\/\/livonia-rugby.lv\/en\/wp-json\/wp\/v2\/comments?post=766"}],"version-history":[{"count":10,"href":"https:\/\/livonia-rugby.lv\/en\/wp-json\/wp\/v2\/pages\/766\/revisions"}],"predecessor-version":[{"id":784,"href":"https:\/\/livonia-rugby.lv\/en\/wp-json\/wp\/v2\/pages\/766\/revisions\/784"}],"wp:attachment":[{"href":"https:\/\/livonia-rugby.lv\/en\/wp-json\/wp\/v2\/media?parent=766"}],"curies":[{"name":"wp","href":"https:\/\/api.w.org\/{rel}","templated":true}]}}